{"id":42,"date":"2021-05-30T03:15:13","date_gmt":"2021-05-30T06:15:13","guid":{"rendered":"https:\/\/ppgsc2.uefs.br\/gestio\/?page_id=42"},"modified":"2024-06-07T15:13:57","modified_gmt":"2024-06-07T18:13:57","slug":"linhas-de-pesquisa-2","status":"publish","type":"page","link":"https:\/\/ppgsc2.uefs.br\/gestio\/linhas-de-pesquisa-2\/","title":{"rendered":"Linhas de Pesquisa"},"content":{"rendered":"<p style=\"text-align: justify;\">Avalia\u00e7\u00e3o da Pol\u00edtica Nacional de Sa\u00fade Integral da Popula\u00e7\u00e3o Negra<\/p>\n<p style=\"text-align: justify;\">Avalia\u00e7\u00e3o da Aten\u00e7\u00e3o a Sa\u00fade da Popula\u00e7\u00e3o Negra e a intercess\u00e3o do racismo sobre as pr\u00e1ticas de cuidado em Estados do Nordeste e do Sudeste Brasileiro<\/p>\n<p style=\"text-align: justify;\">Avalia\u00e7\u00e3o da Pol\u00edtica Nacional de Aten\u00e7\u00e3o Integral \u00e0s Pessoas com Doen\u00e7a Falciforme<\/p>\n<p style=\"text-align: justify;\">Avalia\u00e7\u00e3o de Servi\u00e7o de Sa\u00fade<\/p>\n<p style=\"text-align: justify;\">Seguran\u00e7a no preparo e administra\u00e7\u00e3o de medicamentos intravenosos em pessoas hospitalizadas<\/p>\n<p style=\"text-align: justify;\">Estudo das popula\u00e7\u00f5es em risco e vulnerabilidade no processo de sa\u00fade-doen\u00e7a<\/p>\n<h4 style=\"text-align: justify;\"><\/h4>\n<h4 style=\"text-align: justify;\"><\/h4>\n<h4 style=\"text-align: justify;\">EXTENS\u00c3O<\/h4>\n<p style=\"text-align: justify;\">Costumiza\u00e7\u00e3o de um software da Sistematiza\u00e7\u00e3o da Assit\u00eancia de Enfermagem (SAE)<\/p>\n","protected":false},"excerpt":{"rendered":"<p>Avalia\u00e7\u00e3o da Pol\u00edtica Nacional de Sa\u00fade Integral da Popula\u00e7\u00e3o Negra Avalia\u00e7\u00e3o da Aten\u00e7\u00e3o a Sa\u00fade da Popula\u00e7\u00e3o Negra e a intercess\u00e3o do racismo sobre as pr\u00e1ticas de cuidado em Estados [&hellip;]<\/p>\n","protected":false},"author":1,"featured_media":0,"parent":0,"menu_order":0,"comment_status":"closed","ping_status":"closed","template":"","meta":{"footnotes":""},"class_list":["post-42","page","type-page","status-publish","hentry"],"_links":{"self":[{"href":"https:\/\/ppgsc2.uefs.br\/gestio\/wp-json\/wp\/v2\/pages\/42","targetHints":{"allow":["GET"]}}],"collection":[{"href":"https:\/\/ppgsc2.uefs.br\/gestio\/wp-json\/wp\/v2\/pages"}],"about":[{"href":"https:\/\/ppgsc2.uefs.br\/gestio\/wp-json\/wp\/v2\/types\/page"}],"author":[{"embeddable":true,"href":"https:\/\/ppgsc2.uefs.br\/gestio\/wp-json\/wp\/v2\/users\/1"}],"replies":[{"embeddable":true,"href":"https:\/\/ppgsc2.uefs.br\/gestio\/wp-json\/wp\/v2\/comments?post=42"}],"version-history":[{"count":7,"href":"https:\/\/ppgsc2.uefs.br\/gestio\/wp-json\/wp\/v2\/pages\/42\/revisions"}],"predecessor-version":[{"id":52,"href":"https:\/\/ppgsc2.uefs.br\/gestio\/wp-json\/wp\/v2\/pages\/42\/revisions\/52"}],"wp:attachment":[{"href":"https:\/\/ppgsc2.uefs.br\/gestio\/wp-json\/wp\/v2\/media?parent=42"}],"curies":[{"name":"wp","href":"https:\/\/api.w.org\/{rel}","templated":true}]}}