{"id":38,"date":"2021-05-30T03:12:44","date_gmt":"2021-05-30T06:12:44","guid":{"rendered":"https:\/\/ppgsc2.uefs.br\/gestio\/?page_id=38"},"modified":"2024-06-07T15:13:57","modified_gmt":"2024-06-07T18:13:57","slug":"apresentacao","status":"publish","type":"page","link":"https:\/\/ppgsc2.uefs.br\/gestio\/apresentacao\/","title":{"rendered":"Apresenta\u00e7\u00e3o"},"content":{"rendered":"<p style=\"text-align: justify;\">O GESTIO agrega pesquisadores, alunos e t\u00e9cnicos em pesquisa de diferentes institui\u00e7\u00f5es de ensino e servi\u00e7o do estado da Bahia, envolvidos no desenvolvimento de estudos e extens\u00e3o, cujas linhas de pesquisa gest\u00e3o, avalia\u00e7\u00e3o, trabalho, pol\u00edticas de sa\u00fade, tecnologias e seguran\u00e7a na sa\u00fade est\u00e3o voltadas para a produ\u00e7\u00e3o e dissemina\u00e7\u00e3o do conhecimento. Tem como campos de estudos, pesquisas e extens\u00e3o os cen\u00e1rios cl\u00ednicos e de contexto do sistema de sa\u00fade.<\/p>\n<h4 style=\"text-align: justify;\">Objetivo<\/h4>\n<p>Desenvolver pesquisas aplicadas na \u00e1rea de Enfermagem e Sa\u00fade Coletiva, sobretudo para a realidade do semi\u00e1rido baiano.<\/p>\n<p>&nbsp;<\/p>\n<h4>Endere\u00e7o no Diret\u00f3rio do Grupo de Pesquisa<\/h4>\n<p><a href=\"http:\/\/dgp.cnpq.br\/dgp\/espelhogrupo\/282266\">http:\/\/dgp.cnpq.br\/dgp\/espelhogrupo\/282266<\/a><\/p>\n","protected":false},"excerpt":{"rendered":"<p>O GESTIO agrega pesquisadores, alunos e t\u00e9cnicos em pesquisa de diferentes institui\u00e7\u00f5es de ensino e servi\u00e7o do estado da Bahia, envolvidos no desenvolvimento de estudos e extens\u00e3o, cujas linhas de [&hellip;]<\/p>\n","protected":false},"author":1,"featured_media":0,"parent":0,"menu_order":0,"comment_status":"closed","ping_status":"closed","template":"","meta":{"footnotes":""},"class_list":["post-38","page","type-page","status-publish","hentry"],"_links":{"self":[{"href":"https:\/\/ppgsc2.uefs.br\/gestio\/wp-json\/wp\/v2\/pages\/38","targetHints":{"allow":["GET"]}}],"collection":[{"href":"https:\/\/ppgsc2.uefs.br\/gestio\/wp-json\/wp\/v2\/pages"}],"about":[{"href":"https:\/\/ppgsc2.uefs.br\/gestio\/wp-json\/wp\/v2\/types\/page"}],"author":[{"embeddable":true,"href":"https:\/\/ppgsc2.uefs.br\/gestio\/wp-json\/wp\/v2\/users\/1"}],"replies":[{"embeddable":true,"href":"https:\/\/ppgsc2.uefs.br\/gestio\/wp-json\/wp\/v2\/comments?post=38"}],"version-history":[{"count":4,"href":"https:\/\/ppgsc2.uefs.br\/gestio\/wp-json\/wp\/v2\/pages\/38\/revisions"}],"predecessor-version":[{"id":75,"href":"https:\/\/ppgsc2.uefs.br\/gestio\/wp-json\/wp\/v2\/pages\/38\/revisions\/75"}],"wp:attachment":[{"href":"https:\/\/ppgsc2.uefs.br\/gestio\/wp-json\/wp\/v2\/media?parent=38"}],"curies":[{"name":"wp","href":"https:\/\/api.w.org\/{rel}","templated":true}]}}