{"id":46,"date":"2021-06-14T01:44:28","date_gmt":"2021-06-14T01:44:28","guid":{"rendered":"https:\/\/ppgsc2.uefs.br\/cogitare\/?page_id=46"},"modified":"2024-06-07T18:28:49","modified_gmt":"2024-06-07T18:28:49","slug":"linhas-de-pesquisa","status":"publish","type":"page","link":"https:\/\/ppgsc2.uefs.br\/cogitare\/linhas-de-pesquisa\/","title":{"rendered":"Linhas de Pesquisa"},"content":{"rendered":"<p style=\"text-align: justify;\"><b>VULNERABILIDADE, ESTIGMA E DISCRIMINA\u00c7\u00c3O EM SA\u00daDE<\/b><\/p>\n<p style=\"text-align: justify;\"><span style=\"font-weight: 400;\">Estudos sobre a discrimina\u00e7\u00e3o nos contextos da sa\u00fade em fun\u00e7\u00e3o das marcas sociais que colocam os indiv\u00edduos a partir de seus corpos em situa\u00e7\u00e3o de vulnerabilidade e estigma; Estigma relacionado ao adoecimento cr\u00f4nico, \u00e0s identidades \u00e9tnico raciais e de g\u00eanero, \u00e0 defici\u00eancia, \u00e0s doen\u00e7as emergentes dentre outros.\u00a0 Estudos sobre o estigma percebido, referido, introjetado e de cortesia.\u00a0 Estudo sobre as conseq\u00fc\u00eancias do estigma \u00e0 sa\u00fade dos grupos e implica\u00e7\u00f5es sobre as praticas de cuidado (individual, familiar e profissional).<\/span><\/p>\n<p style=\"text-align: justify;\"><b>CUIDADO A PESSOAS E FAM\u00cdLIAS EM PROCESSO DE ADOECIMENTO E HOSPITALIZA\u00c7\u00c3O<\/b><\/p>\n<p style=\"text-align: justify;\"><span style=\"font-weight: 400;\">Compreende estudos e atividades de extens\u00e3o sobre o cuidado ao rec\u00e9m-nascido, crian\u00e7a, adolescente, mulher, adulto, idoso e fam\u00edlias em processo de adoecimento e hospitaliza\u00e7\u00e3o. Engloba pesquisas de problemas identificados na pr\u00e1tica cl\u00ednica di\u00e1ria e envolvendo indiv\u00edduos e fam\u00edlias, seus problemas cognitivos, afetivos e comportamentais durante as experi\u00eancias de adoecimento e\/ou hospitaliza\u00e7\u00e3o, demandas de cuidados e interven\u00e7\u00f5es de enfermagem. Inclui pesquisas que investigam o impacto cl\u00ednico do cuidado de Enfermagem e interven\u00e7\u00f5es em sa\u00fade nos resultados assistenciais e nas respostas humanas.<\/span><\/p>\n<p style=\"text-align: justify;\"><b>TECNOLOGIAS E SEGURAN\u00c7A NA SA\u00daDE.\u00a0<\/b><\/p>\n<p style=\"text-align: justify;\"><span style=\"font-weight: 400;\">Desenvolve estudos, pesquisas e atividades de extens\u00e3o sobre a elabora\u00e7\u00e3o e valida\u00e7\u00e3o de tecnologias, seguran\u00e7a na sa\u00fade e processos de inova\u00e7\u00e3o. Engloba pesquisas de problemas identificados na pr\u00e1tica cl\u00ednica di\u00e1ria e envolvendo indiv\u00edduos e fam\u00edlias, seus problemas cognitivos, afetivos e comportamentais durante as experi\u00eancias de adoecimento e\/ou hospitaliza\u00e7\u00e3o, demandas de cuidados de Enfermagem e interven\u00e7\u00f5es em sa\u00fade.\u00a0 Inclui pesquisas que investiguem o impacto cl\u00ednico do cuidado e interven\u00e7\u00f5es em sa\u00fade nos resultados assistenciais e nas respostas humanas.<\/span><\/p>\n","protected":false},"excerpt":{"rendered":"<p>VULNERABILIDADE, ESTIGMA E DISCRIMINA\u00c7\u00c3O EM SA\u00daDE Estudos sobre a discrimina\u00e7\u00e3o nos contextos da sa\u00fade em fun\u00e7\u00e3o das marcas sociais que colocam os indiv\u00edduos a partir de seus corpos em situa\u00e7\u00e3o [&hellip;]<\/p>\n","protected":false},"author":1,"featured_media":0,"parent":0,"menu_order":0,"comment_status":"closed","ping_status":"closed","template":"","meta":{"_eb_attr":"","footnotes":""},"class_list":["post-46","page","type-page","status-publish","hentry"],"_links":{"self":[{"href":"https:\/\/ppgsc2.uefs.br\/cogitare\/wp-json\/wp\/v2\/pages\/46","targetHints":{"allow":["GET"]}}],"collection":[{"href":"https:\/\/ppgsc2.uefs.br\/cogitare\/wp-json\/wp\/v2\/pages"}],"about":[{"href":"https:\/\/ppgsc2.uefs.br\/cogitare\/wp-json\/wp\/v2\/types\/page"}],"author":[{"embeddable":true,"href":"https:\/\/ppgsc2.uefs.br\/cogitare\/wp-json\/wp\/v2\/users\/1"}],"replies":[{"embeddable":true,"href":"https:\/\/ppgsc2.uefs.br\/cogitare\/wp-json\/wp\/v2\/comments?post=46"}],"version-history":[{"count":3,"href":"https:\/\/ppgsc2.uefs.br\/cogitare\/wp-json\/wp\/v2\/pages\/46\/revisions"}],"predecessor-version":[{"id":62,"href":"https:\/\/ppgsc2.uefs.br\/cogitare\/wp-json\/wp\/v2\/pages\/46\/revisions\/62"}],"wp:attachment":[{"href":"https:\/\/ppgsc2.uefs.br\/cogitare\/wp-json\/wp\/v2\/media?parent=46"}],"curies":[{"name":"wp","href":"https:\/\/api.w.org\/{rel}","templated":true}]}}